{"id":277,"date":"2023-04-15T09:05:50","date_gmt":"2023-04-15T09:05:50","guid":{"rendered":"https:\/\/gotykhouse.eu\/?page_id=277"},"modified":"2024-12-23T09:25:06","modified_gmt":"2024-12-23T09:25:06","slug":"atrakcje-historia","status":"publish","type":"page","link":"https:\/\/gotykhouse.eu\/index.php\/atrakcje-historia\/","title":{"rendered":"Atrakcje &#038; Historia kamienicy"},"content":{"rendered":"[et_pb_section fb_built=&#8221;1&#8243; _builder_version=&#8221;4.16&#8243; _module_preset=&#8221;default&#8221; custom_padding=&#8221;0px||0px|||&#8221; global_colors_info=&#8221;{}&#8221;][et_pb_row column_structure=&#8221;3_5,2_5&#8243; use_custom_gutter=&#8221;on&#8221; gutter_width=&#8221;1&#8243; make_equal=&#8221;on&#8221; _builder_version=&#8221;4.16&#8243; _module_preset=&#8221;default&#8221; width=&#8221;100%&#8221; max_width=&#8221;100%&#8221; min_height=&#8221;400px&#8221; custom_margin=&#8221;0px||||false|false&#8221; custom_padding=&#8221;0px||0px||false|false&#8221; global_colors_info=&#8221;{}&#8221;][et_pb_column type=&#8221;3_5&#8243; _builder_version=&#8221;4.16&#8243; _module_preset=&#8221;default&#8221; global_colors_info=&#8221;{}&#8221;][et_pb_image src=&#8221;https:\/\/gotykhouse.eu\/wp-content\/uploads\/2023\/04\/sebastian-huber-oUrM2wOYmBQ-unsplash-scaled-e1681632865954.jpg&#8221; title_text=&#8221;7442855952_dfb06b867b_b&#8221; _builder_version=&#8221;4.16&#8243; _module_preset=&#8221;default&#8221; global_colors_info=&#8221;{}&#8221;][\/et_pb_image][\/et_pb_column][et_pb_column type=&#8221;2_5&#8243; _builder_version=&#8221;4.16&#8243; _module_preset=&#8221;default&#8221; background_color=&#8221;#bea88f&#8221; global_colors_info=&#8221;{}&#8221;][et_pb_text _builder_version=&#8221;4.16&#8243; _module_preset=&#8221;default&#8221; header_font_size=&#8221;37px&#8221; header_2_text_color=&#8221;#FFFFFF&#8221; header_2_font_size=&#8221;40px&#8221; custom_margin=&#8221;7%||||false|false&#8221; global_colors_info=&#8221;{%22gcid-45bd29f1-4def-4be7-a379-b3e73a079696%22:%91%93}&#8221;]\n<h2 style=\"text-align: center;\">Odkryj Gda\u0144sk<\/h2>\n[\/et_pb_text][et_pb_text _builder_version=&#8221;4.16&#8243; _module_preset=&#8221;default&#8221; text_text_color=&#8221;#FFFFFF&#8221; text_font_size=&#8221;18px&#8221; text_line_height=&#8221;1.6em&#8221; custom_margin=&#8221;|40px||40px|false|true&#8221; custom_padding=&#8221;3%||||false|false&#8221; global_colors_info=&#8221;{}&#8221;]\n<p><span>Odkrywanie starego gda\u0144ska niew\u0105tpliwie najlepiej rozpocz\u0105\u0107 u progu naszej kamienicy. Ulica Mariacka to niew\u0105tpliwie najbardziej zachwycaj\u0105ca z gda\u0144skich uliczek. Niezale\u017cnie od pory roku jest to miejsce przepe\u0142nione magi\u0105 starego gda\u0144ska, idealne na romantyczny spacer, podziwianie architektury i prac wystawiaj\u0105cych si\u0119 tutaj artyst\u00f3w, jubiler\u00f3w i bursztynnik\u00f3w. Wszystko to przy akompaniamencie klasycznej muzyki granej przez ch\u0119tnie odwiedzaj\u0105cych to miejsce student\u00f3w Gda\u0144skiej Akademii Muzycznej<\/span><\/p>\n[\/et_pb_text][\/et_pb_column][\/et_pb_row][et_pb_row column_structure=&#8221;2_5,3_5&#8243; use_custom_gutter=&#8221;on&#8221; gutter_width=&#8221;1&#8243; make_equal=&#8221;on&#8221; _builder_version=&#8221;4.16&#8243; _module_preset=&#8221;default&#8221; width=&#8221;100%&#8221; max_width=&#8221;100%&#8221; min_height=&#8221;400px&#8221; custom_margin=&#8221;0px||||false|false&#8221; custom_padding=&#8221;0px||0px||false|false&#8221; global_colors_info=&#8221;{}&#8221;][et_pb_column type=&#8221;2_5&#8243; _builder_version=&#8221;4.16&#8243; _module_preset=&#8221;default&#8221; global_colors_info=&#8221;{}&#8221;][et_pb_text _builder_version=&#8221;4.16&#8243; _module_preset=&#8221;default&#8221; header_font_size=&#8221;37px&#8221; header_2_text_color=&#8221;gcid-45bd29f1-4def-4be7-a379-b3e73a079696&#8243; header_2_font_size=&#8221;40px&#8221; custom_padding=&#8221;7%||||false|false&#8221; global_colors_info=&#8221;{%22gcid-45bd29f1-4def-4be7-a379-b3e73a079696%22:%91%22header_2_text_color%22%93}&#8221;]\n<h2 style=\"text-align: center;\">Zwiedzaj z nami<\/h2>\n[\/et_pb_text][et_pb_text _builder_version=&#8221;4.16&#8243; _module_preset=&#8221;default&#8221; text_text_color=&#8221;#000000&#8243; text_font_size=&#8221;18px&#8221; text_line_height=&#8221;1.6em&#8221; custom_margin=&#8221;3%|40px||40px|false|true&#8221; global_colors_info=&#8221;{}&#8221;]\n<p><span>Wychodz\u0105c naprzeciw oczekiwaniom, staramy si\u0119 spe\u0142nia\u0107 wszystkie \u017cyczenia zwi\u0105zane z pobytem w Gda\u0144sku. Korzystaj\u0105c z naszego do\u015bwiadczenia i tradycji wsp\u00f3\u0142pracy z wieloma podmiotami w bran\u017cy turystycznej, z przyjemno\u015bci\u0105 pomo\u017cemy w zaaran\u017cowaniu zwiedzania z przewodnikiem, wynaj\u0119ciu samochodu, roweru czy kajaka na wycieczk\u0119 po Mot\u0142awie<\/span><\/p>\n[\/et_pb_text][\/et_pb_column][et_pb_column type=&#8221;3_5&#8243; _builder_version=&#8221;4.16&#8243; _module_preset=&#8221;default&#8221; global_colors_info=&#8221;{}&#8221;][et_pb_image src=&#8221;https:\/\/gotykhouse.eu\/wp-content\/uploads\/2023\/04\/krzysztof-maksimiuk-D1BdpVyMmrE-unsplash-scaled.jpg&#8221; title_text=&#8221;krzysztof-kowalik-30n-XfFL7WU-unsplash&#8221; _builder_version=&#8221;4.16&#8243; _module_preset=&#8221;default&#8221; global_colors_info=&#8221;{}&#8221;][\/et_pb_image][\/et_pb_column][\/et_pb_row][et_pb_row column_structure=&#8221;3_5,2_5&#8243; use_custom_gutter=&#8221;on&#8221; gutter_width=&#8221;1&#8243; make_equal=&#8221;on&#8221; _builder_version=&#8221;4.16&#8243; _module_preset=&#8221;default&#8221; width=&#8221;100%&#8221; max_width=&#8221;100%&#8221; min_height=&#8221;400px&#8221; custom_margin=&#8221;0px||||false|false&#8221; custom_padding=&#8221;0px||0px||false|false&#8221; global_colors_info=&#8221;{}&#8221;][et_pb_column type=&#8221;3_5&#8243; _builder_version=&#8221;4.16&#8243; _module_preset=&#8221;default&#8221; global_colors_info=&#8221;{}&#8221;][et_pb_image src=&#8221;https:\/\/gotykhouse.eu\/wp-content\/uploads\/2023\/04\/platter-g81a2e683c_1280-e1681633421146.jpg&#8221; title_text=&#8221;platter-g81a2e683c_1280&#8243; _builder_version=&#8221;4.16&#8243; _module_preset=&#8221;default&#8221; global_colors_info=&#8221;{}&#8221;][\/et_pb_image][\/et_pb_column][et_pb_column type=&#8221;2_5&#8243; _builder_version=&#8221;4.16&#8243; _module_preset=&#8221;default&#8221; background_color=&#8221;#bea88f&#8221; global_colors_info=&#8221;{}&#8221;][et_pb_text _builder_version=&#8221;4.16&#8243; _module_preset=&#8221;default&#8221; header_font_size=&#8221;37px&#8221; header_2_text_color=&#8221;#FFFFFF&#8221; header_2_font_size=&#8221;40px&#8221; custom_margin=&#8221;7%||||false|false&#8221; global_colors_info=&#8221;{%22gcid-45bd29f1-4def-4be7-a379-b3e73a079696%22:%91%93}&#8221;]\n<h2 style=\"text-align: center;\">Kuchnia &amp; atrakcje<\/h2>\n[\/et_pb_text][et_pb_text _builder_version=&#8221;4.16&#8243; _module_preset=&#8221;default&#8221; text_text_color=&#8221;#FFFFFF&#8221; text_font_size=&#8221;18px&#8221; text_line_height=&#8221;1.6em&#8221; custom_margin=&#8221;|40px||40px|false|true&#8221; custom_padding=&#8221;3%||||false|false&#8221; global_colors_info=&#8221;{}&#8221;]\n<p><span>Gda\u0144sk to jednak nie tylko zabytki i historia, na odwiedzaj\u0105cych nas go\u015bci czeka szereg innych atrakcji. Na terenie star\u00f3wki znale\u017a\u0107 mo\u017cna mn\u00f3stwo restauracji oferuj\u0105cych dania kuchni, zar\u00f3wno lokalnej, jak i tej z dalszych zak\u0105tk\u00f3w \u015bwiata. Na spragnionych kultury czeka Filharmonia Ba\u0142tycka, Teatr Szekspirowski, teatr wybrze\u017ce czy opera ale tak\u017ce mn\u00f3stwo klub\u00f3w i lokali w\u015br\u00f3d kt\u00f3rych ka\u017cdy odnajdzie ten, zaspokajaj\u0105cy jego muzyczne gusta.<\/span><\/p>\n[\/et_pb_text][\/et_pb_column][\/et_pb_row][et_pb_row column_structure=&#8221;2_5,3_5&#8243; use_custom_gutter=&#8221;on&#8221; gutter_width=&#8221;1&#8243; make_equal=&#8221;on&#8221; _builder_version=&#8221;4.16&#8243; _module_preset=&#8221;default&#8221; width=&#8221;100%&#8221; max_width=&#8221;100%&#8221; min_height=&#8221;400px&#8221; custom_margin=&#8221;0px||||false|false&#8221; custom_padding=&#8221;0px||0px||false|false&#8221; global_colors_info=&#8221;{}&#8221;][et_pb_column type=&#8221;2_5&#8243; _builder_version=&#8221;4.16&#8243; _module_preset=&#8221;default&#8221; global_colors_info=&#8221;{}&#8221;][et_pb_text _builder_version=&#8221;4.16&#8243; _module_preset=&#8221;default&#8221; header_font_size=&#8221;37px&#8221; header_2_text_color=&#8221;gcid-45bd29f1-4def-4be7-a379-b3e73a079696&#8243; header_2_font_size=&#8221;40px&#8221; custom_padding=&#8221;7%||||false|false&#8221; global_colors_info=&#8221;{%22gcid-45bd29f1-4def-4be7-a379-b3e73a079696%22:%91%22header_2_text_color%22%93}&#8221;]\n<h2 style=\"text-align: center;\">Bazylika Mariacka<\/h2>\n[\/et_pb_text][et_pb_text _builder_version=&#8221;4.16&#8243; _module_preset=&#8221;default&#8221; text_text_color=&#8221;#000000&#8243; text_font_size=&#8221;18px&#8221; text_line_height=&#8221;1.6em&#8221; custom_margin=&#8221;3%|40px||40px|false|true&#8221; global_colors_info=&#8221;{}&#8221;]\n<p><span>Z drugiej strony znajdziemy najbardziej charakterystyczny punkt panoramy Gda\u0144ska &#8211; Bazylik\u0119 Mariack\u0105. Ko\u015bci\u00f3\u0142, opr\u00f3cz swojej funkcji sakralnej, opowiada histori\u0119 naszego miasta, jest wype\u0142niony zabytkami i pami\u0105tkami po jego najwa\u017cniejszych mieszka\u0144cach i wydarzeniach z historii dawnej i najnowszej. To oczywi\u015bcie tylko pocz\u0105tek przygody jak\u0105 jest odkrywanie historycznego Gda\u0144ska, nasza obs\u0142uga z przyjemno\u015bci\u0105 odpowie na wszystkie pytania i zasugeruje kierunki w kt&amp;oacute;re warto si\u0119 uda\u0107<\/span><\/p>\n[\/et_pb_text][\/et_pb_column][et_pb_column type=&#8221;3_5&#8243; _builder_version=&#8221;4.16&#8243; _module_preset=&#8221;default&#8221; global_colors_info=&#8221;{}&#8221;][et_pb_image src=&#8221;https:\/\/gotykhouse.eu\/wp-content\/uploads\/2023\/04\/bazylika-scaled-e1681633540739.jpg&#8221; title_text=&#8221;bazylika&#8221; _builder_version=&#8221;4.16&#8243; _module_preset=&#8221;default&#8221; global_colors_info=&#8221;{}&#8221;][\/et_pb_image][\/et_pb_column][\/et_pb_row][et_pb_row column_structure=&#8221;3_5,2_5&#8243; use_custom_gutter=&#8221;on&#8221; gutter_width=&#8221;1&#8243; make_equal=&#8221;on&#8221; _builder_version=&#8221;4.16&#8243; _module_preset=&#8221;default&#8221; width=&#8221;100%&#8221; max_width=&#8221;100%&#8221; min_height=&#8221;400px&#8221; custom_margin=&#8221;0px||||false|false&#8221; custom_padding=&#8221;0px||0px||false|false&#8221; global_colors_info=&#8221;{}&#8221;][et_pb_column type=&#8221;3_5&#8243; _builder_version=&#8221;4.16&#8243; _module_preset=&#8221;default&#8221; global_colors_info=&#8221;{}&#8221;][et_pb_image src=&#8221;https:\/\/gotykhouse.eu\/wp-content\/uploads\/2023\/04\/krzysztof-kowalik-30n-XfFL7WU-unsplash-scaled-e1681558715918.jpg&#8221; title_text=&#8221;krzysztof-kowalik-30n-XfFL7WU-unsplash&#8221; _builder_version=&#8221;4.16&#8243; _module_preset=&#8221;default&#8221; global_colors_info=&#8221;{}&#8221;][\/et_pb_image][\/et_pb_column][et_pb_column type=&#8221;2_5&#8243; _builder_version=&#8221;4.16&#8243; _module_preset=&#8221;default&#8221; background_color=&#8221;#bea88f&#8221; global_colors_info=&#8221;{}&#8221;][et_pb_text _builder_version=&#8221;4.16&#8243; _module_preset=&#8221;default&#8221; header_font_size=&#8221;37px&#8221; header_2_text_color=&#8221;#FFFFFF&#8221; header_2_font_size=&#8221;40px&#8221; custom_margin=&#8221;7%||||false|false&#8221; global_colors_info=&#8221;{%22gcid-45bd29f1-4def-4be7-a379-b3e73a079696%22:%91%93}&#8221;]\n<h2 style=\"text-align: center;\">Zakupy<\/h2>\n[\/et_pb_text][et_pb_text _builder_version=&#8221;4.16&#8243; _module_preset=&#8221;default&#8221; text_text_color=&#8221;#FFFFFF&#8221; text_font_size=&#8221;18px&#8221; text_line_height=&#8221;1.6em&#8221; custom_margin=&#8221;|40px||40px|false|true&#8221; custom_padding=&#8221;3%||||false|false&#8221; global_colors_info=&#8221;{}&#8221;]\n<p><span>Tu\u017c przed star\u00f3wk\u0105, za Z\u0142ot\u0105 Bram\u0105, znajduje si\u0119 najwi\u0119ksza w gda\u0144sku galeria handlowa Forum Gda\u0144sk. Nowoczesna przestrze\u0144 mieszcz\u0105ca w sobie sklepy najbardziej znanych marek, szereg kawiarni, restauracji, kino oraz przystanek Szybkiej Kolei Miejskiej, kt\u00f3r\u0105 mo\u017cemy si\u0119 uda\u0107 w kierunku innych rejon\u00f3w Gda\u0144ska, czy s\u0105siaduj\u0105cych z nim Sopotu i Gdyni<\/span><\/p>\n[\/et_pb_text][\/et_pb_column][\/et_pb_row][\/et_pb_section][et_pb_section fb_built=&#8221;1&#8243; admin_label=&#8221;About&#8221; _builder_version=&#8221;4.16&#8243; background_color=&#8221;#f9f5f1&#8243; background_enable_image=&#8221;off&#8221; background_size=&#8221;initial&#8221; locked=&#8221;off&#8221; global_colors_info=&#8221;{}&#8221;][et_pb_row _builder_version=&#8221;4.16&#8243; locked=&#8221;off&#8221; global_colors_info=&#8221;{}&#8221;][et_pb_column type=&#8221;4_4&#8243; _builder_version=&#8221;4.16&#8243; global_colors_info=&#8221;{}&#8221;][et_pb_text _builder_version=&#8221;4.16&#8243; text_font=&#8221;Lora||||||||&#8221; header_font=&#8221;Alegreya||||||||&#8221; header_2_font=&#8221;Alegreya||||||||&#8221; header_2_text_color=&#8221;#280400&#8243; header_2_font_size=&#8221;60px&#8221; header_2_line_height=&#8221;1.2em&#8221; text_orientation=&#8221;center&#8221; header_2_font_size_tablet=&#8221;40px&#8221; header_2_font_size_phone=&#8221;28px&#8221; header_2_font_size_last_edited=&#8221;on|phone&#8221; header_2_line_height_tablet=&#8221;1.4em&#8221; header_2_line_height_phone=&#8221;&#8221; header_2_line_height_last_edited=&#8221;on|phone&#8221; global_colors_info=&#8221;{}&#8221;]\n<h1 class=\"lead mt-6 mb-4\">Kamienica Gotyk po\u0142o\u017cona jest w sercu starego miasta,<br \/>przy najpi\u0119kniejszej w Gda\u0144sku ulicy Mariackiej.<\/h1>\n[\/et_pb_text][et_pb_text _builder_version=&#8221;4.16&#8243; text_font=&#8221;Lora||||||||&#8221; header_font=&#8221;Alegreya||||||||&#8221; header_2_font=&#8221;Alegreya||||||||&#8221; header_2_text_color=&#8221;#280400&#8243; header_2_font_size=&#8221;60px&#8221; header_2_line_height=&#8221;1.2em&#8221; text_orientation=&#8221;center&#8221; header_2_font_size_tablet=&#8221;40px&#8221; header_2_font_size_phone=&#8221;28px&#8221; header_2_font_size_last_edited=&#8221;on|phone&#8221; header_2_line_height_tablet=&#8221;1.4em&#8221; header_2_line_height_phone=&#8221;&#8221; header_2_line_height_last_edited=&#8221;on|phone&#8221; global_colors_info=&#8221;{}&#8221;]\n<h1 class=\"lead mt-6 mb-4\">Kamienica Gotyk pochodzi z 1451 roku&#8230;<\/h1>\n[\/et_pb_text][\/et_pb_column][\/et_pb_row][et_pb_row column_structure=&#8221;1_2,1_2&#8243; _builder_version=&#8221;4.16&#8243; _module_preset=&#8221;default&#8221; max_width=&#8221;80%&#8221; global_colors_info=&#8221;{}&#8221;][et_pb_column type=&#8221;1_2&#8243; _builder_version=&#8221;4.16&#8243; _module_preset=&#8221;default&#8221; global_colors_info=&#8221;{}&#8221;][et_pb_image src=&#8221;https:\/\/gotykhouse.eu\/wp-content\/uploads\/2023\/03\/1-3.jpg&#8221; title_text=&#8221;1 (3)&#8221; _builder_version=&#8221;4.16&#8243; _module_preset=&#8221;default&#8221; global_colors_info=&#8221;{}&#8221;][\/et_pb_image][\/et_pb_column][et_pb_column type=&#8221;1_2&#8243; _builder_version=&#8221;4.16&#8243; _module_preset=&#8221;default&#8221; global_colors_info=&#8221;{}&#8221;][et_pb_text _builder_version=&#8221;4.16&#8243; text_font=&#8221;Lora||||||||&#8221; text_text_color=&#8221;#280400&#8243; text_line_height=&#8221;2em&#8221; locked=&#8221;off&#8221; global_colors_info=&#8221;{}&#8221;]\n<p><span>Sensacyjnym znaleziskiem sta\u0142y si\u0119 fragmenty s\u0142abo zachowanej skrzyni z przerdzewia\u0142ymi okuciami, odkryte w piwnicy przez robotnik\u00f3w podczas remontu kamienicy przy ulicy Mariackiej 1 w Gda\u0144sku. Okaza\u0142o si\u0119, \u017ce z ty\u0142u na zbutwia\u0142ej desce widnieje data Anno Domini 1539 i napis \u201eAnna\u201d oraz zamazany fragment nazwiska- \u201eSchill\u2026\u201d. Prawdopodobnie jest to kufer Anny Schilling.<\/span><\/p>\n[\/et_pb_text][et_pb_text _builder_version=&#8221;4.16&#8243; text_font=&#8221;Lora||||||||&#8221; text_text_color=&#8221;#280400&#8243; text_line_height=&#8221;2em&#8221; locked=&#8221;off&#8221; global_colors_info=&#8221;{}&#8221;]\n<p><span>W XVI wieku, gdy Gda\u0144sk by\u0142 najbogatszym miastem Rzeczypospolitej i jednym z najpot\u0119\u017cniejszych o\u015brodk\u00f3w handlowych w Europie, spotkali si\u0119 w nim Anna i Miko\u0142aj. On by\u0142 kanonikiem we Fromborku, ona \u2013 c\u00f3rk\u0105 holenderskiego kupca. W\u0142a\u015bnie trwa Jarmark Dominika\u0144ski, do portu przybi\u0142o wiele okr\u0119t\u00f3w za\u0142adowanych hiszpa\u0144skim i francuskim winem, jedwabiem, oliw\u0105, portugalskimi korzeniami i innymi towarami. Ruch w mie\u015bcie jest wielki. Nieoczekiwanie na ulicy Mariackiej pojawia si\u0119 Anna Schilling. Strojne suknie pi\u0119knej Holenderki mieni\u0105 si\u0119 w s\u0142o\u0144cu. Powabna sylwetka i \u015bliczna twarz raduj\u0105 oczy przechodni\u00f3w, nawet bogate mieszczki szepcz\u0105: Patrzcie, to idzie c\u00f3rka Arenda van der Schillinga.<\/span><\/p>\n[\/et_pb_text][\/et_pb_column][\/et_pb_row][et_pb_row column_structure=&#8221;1_2,1_2&#8243; _builder_version=&#8221;4.16&#8243; max_width=&#8221;80%&#8221; global_colors_info=&#8221;{}&#8221;][et_pb_column type=&#8221;1_2&#8243; _builder_version=&#8221;4.16&#8243; global_colors_info=&#8221;{}&#8221;][et_pb_text _builder_version=&#8221;4.16&#8243; text_font=&#8221;||||||||&#8221; text_line_height=&#8221;2em&#8221; locked=&#8221;off&#8221; global_colors_info=&#8221;{}&#8221;]\n<p><span>Anna pozna\u0142a Miko\u0142aja Kopernika w roku 1529 w Gda\u0144sku, kiedy to jej ojciec Holender Arend van der Schilling wsp\u00f3lnie z Kopernikiem byli prawnymi opiekunami grupy osieroconych dzieci. S\u0142awny astronom tak bardzo oczarowa\u0142 Ann\u0119, \u017ce zgodzi\u0142a si\u0119 zosta\u0107 jego gospodyni\u0105 we Fromborku. Co za\u015b sta\u0142o si\u0119 z m\u0119\u017cem? Podobno odszed\u0142 do innej. Anna \u2013 powa\u017cna m\u0119\u017catka, by\u0142a nie tylko czaruj\u0105ca i maj\u0119tna, lecz tak\u017ce m\u0105dra. Czyta\u0142a uczone ksi\u0119gi, interesowa\u0142a si\u0119 astrologi\u0105. Jak inni ludzi swojej epoki zastanawia\u0142a si\u0119, czym jest czarna kurtyna zas\u0142aniaj\u0105ca co wiecz\u00f3r s\u0142o\u0144ce. Nic wi\u0119c dziwnego, \u017ce wykszta\u0142cony i genialny, cho\u0107 du\u017co starszy od Anny kanonik Miko\u0142aj Kopernik zrobi\u0142 na niej piorunuj\u0105ce wra\u017cenie. Przez siedem lat pi\u0119kna Holenderka pozostawa\u0142a z astronomem w du\u017cej za\u017cy\u0142o\u015bci, zbyt du\u017cej, zdaniem mieszka\u0144c\u00f3w Fromborka, cho\u0107 sam Kopernik przedstawia\u0142 j\u0105 jedynie jako gosposi\u0119. Ka\u017cda nocna wizyta by\u0142a skrz\u0119tnie odnotowana, gdy\u017c Frombork to niewielkie miasto. Tu nic si\u0119 nie ukryje, nawet je\u015bli jest to tylko wsp\u00f3lne ogl\u0105danie gwiazd i stawianie horoskop\u00f3w. Tote\u017c w listopadzie 1538 roku biskup Dantyszek z odleg\u0142ego Lidzbarka Warmi\u0144skiego przes\u0142a\u0142 list nakazuj\u0105cy Kopernikowi zako\u0144czenie tej znajomo\u015bci.<\/span><br \/><span>-Zako\u0144czy\u0107, ale jak, gdy ona ma tyle wdzi\u0119ku?- martwi si\u0119 Kopernik, lecz w li\u015bcie do biskupa zapewnia: Pragn\u0119 wedle swoich si\u0142 nie dopu\u015bci\u0107 do tego, bym sta\u0142 si\u0119 powszechn\u0105 przyczyn\u0105 zgorszenia. Sze\u015b\u0107 tygodni p\u00f3\u017aniej zn\u00f3w pisze: Zastosowa\u0142em si\u0119 do napomnie\u0144 Waszej Przewielebno\u015bci. A to k\u0142amczuch! Anna nadal mieszka w jego domu.<\/span><\/p>\n[\/et_pb_text][\/et_pb_column][et_pb_column type=&#8221;1_2&#8243; _builder_version=&#8221;4.16&#8243; global_colors_info=&#8221;{}&#8221;][et_pb_text _builder_version=&#8221;4.16&#8243; text_font=&#8221;||||||||&#8221; text_line_height=&#8221;2em&#8221; locked=&#8221;off&#8221; global_colors_info=&#8221;{}&#8221;]\n<p><span>Latem 1539 roku Miko\u0142aj Kopernik odprawi\u0142 jednak Ann\u0119, mimo to ludzie z\u0142ej woli nadal pomawiali par\u0119 o tajemne schadzki. Dlatego te\u017c zatroskany kanonik warmi\u0144ski Pawe\u0142 P\u0142otowski donosi biskupowi Dantyszkowi: Kobieta doktora Miko\u0142aja odes\u0142a\u0142a swoje rzeczy do Gda\u0144ska, jednak sama pozostaje tutaj we Fromborku\u2026<\/span><br \/><span>Annie nie pozosta\u0142o nic innego, jak wr\u00f3ci\u0107 do Gda\u0144ska i na Mariack\u0105 przywie\u017a\u0107 reszt\u0119 dobytku. Tu w cieniu bazyliki, w kamienicy znajduj\u0105cej si\u0119 na pocz\u0105tku najpi\u0119kniejszej z gda\u0144skich uliczek, wyczekuje na swego astronoma. Czy przyjedzie? Zapewne, wszak Anna tak bardzo r\u00f3\u017cni si\u0119 od innych kobiet\u2026<\/span><br \/><span>Po \u015bmierci Miko\u0142aja Kopernika fromborscy kanonicy wys\u0142ali do biskupa Dantyszka list z zapytaniem czy pozwoli\u0142by Annie wr\u00f3ci\u0107 do Fromborka, z kt\u00f3rego j\u0105 wyrzucono, skoro doktor Miko\u0142aj odszed\u0142. Biskup Dantyszek odm\u00f3wi\u0142 ich pro\u015bbie, niezw\u0142ocznie odpisuj\u0105c: Trzeba si\u0119 obawia\u0107 , i\u017c tymi samymi sposobami, kt\u00f3rymi wywo\u0142a\u0142a u niego[Kopernika] ob\u0142\u0105kanie [\u2026] mo\u017ce usidli\u0107 innego z was, moi bracia [\u2026].<\/span><\/p>\n<p><span>Anna Schilling musia\u0142a by\u0107 istot\u0105 naprawd\u0119 \u015bliczn\u0105 i obdarzon\u0105 magnetyczn\u0105 osobowo\u015bci\u0105. Z pewno\u015bci\u0105 by\u0142a to jedna z najpi\u0119kniejszych i najja\u015bniejszych gwiazd Miko\u0142aja Kopernika\u2026<\/span><\/p>\n[\/et_pb_text][et_pb_image src=&#8221;https:\/\/gotykhouse.eu\/wp-content\/uploads\/2023\/03\/winery-21.png&#8221; _builder_version=&#8221;4.16&#8243; custom_margin=&#8221;-110px|-5vw|||false|false&#8221; custom_margin_tablet=&#8221;0px|0vw|||false|false&#8221; custom_margin_phone=&#8221;&#8221; custom_margin_last_edited=&#8221;on|phone&#8221; locked=&#8221;off&#8221; global_colors_info=&#8221;{}&#8221;][\/et_pb_image][\/et_pb_column][\/et_pb_row][\/et_pb_section]\n","protected":false},"excerpt":{"rendered":"<p>Odkryj Gda\u0144skOdkrywanie starego gda\u0144ska niew\u0105tpliwie najlepiej rozpocz\u0105\u0107 u progu naszej kamienicy. Ulica Mariacka to niew\u0105tpliwie najbardziej zachwycaj\u0105ca z gda\u0144skich uliczek. Niezale\u017cnie od pory roku jest to miejsce przepe\u0142nione magi\u0105 starego gda\u0144ska, idealne na romantyczny spacer, podziwianie architektury i prac wystawiaj\u0105cych si\u0119 tutaj artyst\u00f3w, jubiler\u00f3w i bursztynnik\u00f3w. Wszystko to przy akompaniamencie klasycznej muzyki granej przez ch\u0119tnie [&hellip;]<\/p>\n","protected":false},"author":1,"featured_media":0,"parent":0,"menu_order":0,"comment_status":"closed","ping_status":"closed","template":"","meta":{"_et_pb_use_builder":"on","_et_pb_old_content":"","_et_gb_content_width":""},"_links":{"self":[{"href":"https:\/\/gotykhouse.eu\/index.php\/wp-json\/wp\/v2\/pages\/277"}],"collection":[{"href":"https:\/\/gotykhouse.eu\/index.php\/wp-json\/wp\/v2\/pages"}],"about":[{"href":"https:\/\/gotykhouse.eu\/index.php\/wp-json\/wp\/v2\/types\/page"}],"author":[{"embeddable":true,"href":"https:\/\/gotykhouse.eu\/index.php\/wp-json\/wp\/v2\/users\/1"}],"replies":[{"embeddable":true,"href":"https:\/\/gotykhouse.eu\/index.php\/wp-json\/wp\/v2\/comments?post=277"}],"version-history":[{"count":47,"href":"https:\/\/gotykhouse.eu\/index.php\/wp-json\/wp\/v2\/pages\/277\/revisions"}],"predecessor-version":[{"id":702,"href":"https:\/\/gotykhouse.eu\/index.php\/wp-json\/wp\/v2\/pages\/277\/revisions\/702"}],"wp:attachment":[{"href":"https:\/\/gotykhouse.eu\/index.php\/wp-json\/wp\/v2\/media?parent=277"}],"curies":[{"name":"wp","href":"https:\/\/api.w.org\/{rel}","templated":true}]}}